{"id":3,"date":"2020-09-11T05:16:19","date_gmt":"2020-09-11T05:16:19","guid":{"rendered":"https:\/\/theliteraryarts.com\/?page_id=3"},"modified":"2020-10-28T22:34:42","modified_gmt":"2020-10-29T05:34:42","slug":"privacy-policy","status":"publish","type":"page","link":"https:\/\/theliteraryarts.com\/de\/privacy-policy\/","title":{"rendered":"Datenschutzerkl\u00e4rung"},"content":{"rendered":"<h1>Datenschutzerkl\u00e4rung<\/h1>\n<p>Zuletzt aktualisiert: 29. Oktober 2020<\/p>\n<p>Diese Datenschutzrichtlinie beschreibt unsere Richtlinien und Verfahren zur Erfassung, Verwendung und Offenlegung Ihrer Daten, wenn Sie den Dienst nutzen, und informiert Sie \u00fcber Ihre Datenschutzrechte und dar\u00fcber, wie das Gesetz Sie sch\u00fctzt.<\/p>\n<p>Wir verwenden Ihre pers\u00f6nlichen Daten, um den Service bereitzustellen und zu verbessern. Durch die Nutzung des Dienstes stimmen Sie der Erfassung und Nutzung von Informationen in \u00dcbereinstimmung mit dieser Datenschutzrichtlinie zu. Diese Datenschutzrichtlinie wurde mit Hilfe der <a href=\"https:\/\/www.termsfeed.com\/privacy-policy-generator\/\" target=\"_blank\" rel=\"noopener noreferrer\">Generator f\u00fcr Datenschutzrichtlinien<\/a>.<\/p>\n<h1>Auslegung und Definitionen<\/h1>\n<h2>Auslegung<\/h2>\n<p>Die W\u00f6rter, deren Anfangsbuchstabe gro\u00df geschrieben ist, haben unter den folgenden Bedingungen definierte Bedeutungen. Die folgenden Definitionen haben dieselbe Bedeutung, unabh\u00e4ngig davon, ob sie im Singular oder im Plural vorkommen.<\/p>\n<h2>Definitionen<\/h2>\n<p>F\u00fcr die Zwecke dieser Datenschutzerkl\u00e4rung:<\/p>\n<ul>\n<li>\n<p><strong>Konto<\/strong> bedeutet ein einzigartiges Konto, das f\u00fcr Sie eingerichtet wurde, damit Sie auf unseren Dienst oder Teile unseres Dienstes zugreifen k\u00f6nnen.<\/p>\n<\/li>\n<li>\n<p><strong>Unternehmen<\/strong> (in dieser Vereinbarung entweder als \"das Unternehmen\", \"wir\", \"uns\" oder \"unser\" bezeichnet) bezieht sich auf TheLiteraryArts.<\/p>\n<\/li>\n<li>\n<p><strong>Cookies<\/strong> sind kleine Dateien, die von einer Website auf Ihren Computer, Ihr mobiles Ger\u00e4t oder ein anderes Ger\u00e4t platziert werden und die unter den vielen Verwendungsm\u00f6glichkeiten die Details Ihres Surf-Verlaufs auf dieser Website enthalten.<\/p>\n<\/li>\n<li>\n<p><strong>Land<\/strong> bezieht sich auf: Kalifornien, Vereinigte Staaten<\/p>\n<\/li>\n<li>\n<p><strong>Ger\u00e4t<\/strong> bezeichnet jedes Ger\u00e4t, das auf den Dienst zugreifen kann, wie beispielsweise ein Computer, ein Mobiltelefon oder ein digitales Tablet.<\/p>\n<\/li>\n<li>\n<p><strong>Pers\u00f6nliche Daten<\/strong> ist jede Information, die sich auf eine identifizierte oder identifizierbare Person bezieht.<\/p>\n<\/li>\n<li>\n<p><strong>Dienst<\/strong> bezieht sich auf die Website.<\/p>\n<\/li>\n<li>\n<p><strong>Dienstanbieter<\/strong> bezeichnet jede nat\u00fcrliche oder juristische Person, die die Daten im Auftrag des Unternehmens verarbeitet. Er bezieht sich auf Drittfirmen oder Personen, die von der Firma angestellt sind, um den Dienst zu erleichtern, den Dienst im Namen der Firma zu erbringen, Dienstleistungen im Zusammenhang mit dem Dienst zu erbringen oder die Firma bei der Analyse der Nutzung des Dienstes zu unterst\u00fctzen.<\/p>\n<\/li>\n<li>\n<p><strong>Social-Media-Dienst von Drittanbietern<\/strong> bezieht sich auf jede Website oder jede Website eines sozialen Netzwerks, \u00fcber die sich ein Benutzer einloggen oder ein Konto zur Nutzung des Dienstes erstellen kann.<\/p>\n<\/li>\n<li>\n<p><strong>Nutzungsdaten<\/strong> bezieht sich auf automatisch gesammelte Daten, die entweder durch die Nutzung des Dienstes oder durch die Infrastruktur des Dienstes selbst erzeugt werden (z.B. die Dauer eines Seitenbesuchs).<\/p>\n<\/li>\n<li>\n<p><strong>Website<\/strong> bezieht sich auf TheLiteraryArts, zug\u00e4nglich von <a href=\"https:\/\/theliteraryarts.com\/de\/\" rel=\"external nofollow noopener noreferrer\" target=\"_blank\">https:\/\/theliteraryarts.com<\/a><\/p>\n<\/li>\n<li>\n<p><strong>Sie<\/strong> bezeichnet die Person, die auf den Dienst zugreift oder ihn nutzt, oder das Unternehmen oder die andere juristische Person, in deren Namen diese Person auf den Dienst zugreift oder ihn nutzt.<\/p>\n<\/li>\n<\/ul>\n<h1>Erfassung und Verwendung Ihrer pers\u00f6nlichen Daten<\/h1>\n<h2>Arten von gesammelten Daten<\/h2>\n<h3>Pers\u00f6nliche Daten<\/h3>\n<p>Bei der Nutzung unseres Dienstes k\u00f6nnen wir Sie bitten, uns bestimmte personenbezogene Daten zur Verf\u00fcgung zu stellen, mit denen wir Sie kontaktieren oder identifizieren k\u00f6nnen. Zu den pers\u00f6nlich identifizierbaren Informationen k\u00f6nnen unter anderem geh\u00f6ren:<\/p>\n<ul>\n<li>\n<p>E-Mail-Adresse<\/p>\n<\/li>\n<li>\n<p>Vorname und Nachname<\/p>\n<\/li>\n<li>\n<p>Nutzungsdaten<\/p>\n<\/li>\n<\/ul>\n<h3>Nutzungsdaten<\/h3>\n<p>Nutzungsdaten werden bei der Nutzung des Dienstes automatisch erfasst.<\/p>\n<p>Zu den Nutzungsdaten k\u00f6nnen Informationen wie die Internetprotokolladresse Ihres Ger\u00e4ts (z. B. IP-Adresse), Browsertyp, Browserversion, die von Ihnen besuchten Seiten unseres Dienstes, Uhrzeit und Datum Ihres Besuchs, die auf diesen Seiten verbrachte Zeit, eindeutige Ger\u00e4tekennungen und andere Diagnosedaten geh\u00f6ren.<\/p>\n<p>Wenn Sie auf den Dienst mit oder \u00fcber ein mobiles Ger\u00e4t zugreifen, k\u00f6nnen wir bestimmte Informationen automatisch erfassen, einschlie\u00dflich, aber nicht beschr\u00e4nkt auf, den Typ des von Ihnen verwendeten mobilen Ger\u00e4ts, die eindeutige ID Ihres mobilen Ger\u00e4ts, die IP-Adresse Ihres mobilen Ger\u00e4ts, Ihr mobiles Betriebssystem, den Typ des von Ihnen verwendeten mobilen Internet-Browsers, eindeutige Ger\u00e4tekennungen und andere Diagnosedaten.<\/p>\n<p>Wir k\u00f6nnen auch Informationen erfassen, die Ihr Browser sendet, wenn Sie unseren Dienst besuchen oder wenn Sie auf den Dienst mit oder \u00fcber ein mobiles Ger\u00e4t zugreifen.<\/p>\n<h3>Verfolgungstechnologien und Cookies<\/h3>\n<p>Wir verwenden Cookies und \u00e4hnliche Verfolgungstechnologien, um die Aktivit\u00e4ten auf Unserem Service zu verfolgen und bestimmte Informationen zu speichern. Bei den verwendeten Verfolgungstechnologien handelt es sich um Beacons, Tags und Skripte zur Erfassung und Verfolgung von Informationen sowie zur Verbesserung und Analyse unseres Dienstes. Zu den von Uns verwendeten Technologien k\u00f6nnen geh\u00f6ren:<\/p>\n<ul>\n<li><strong>Cookies oder Browser-Cookies.<\/strong> Ein Cookie ist eine kleine Datei, die auf Ihrem Ger\u00e4t abgelegt wird. Sie k\u00f6nnen Ihren Browser anweisen, alle Cookies abzulehnen oder anzugeben, wann ein Cookie gesendet wird. Wenn Sie jedoch keine Cookies akzeptieren, k\u00f6nnen Sie m\u00f6glicherweise einige Teile unseres Dienstes nicht nutzen. Sofern Sie Ihren Browser nicht so eingestellt haben, dass er Cookies ablehnt, kann unser Dienst Cookies verwenden.<\/li>\n<li><strong>Flash-Cookies.<\/strong> Bestimmte Funktionen unseres Dienstes k\u00f6nnen lokal gespeicherte Objekte (oder Flash-Cookies) verwenden, um Informationen \u00fcber Ihre Pr\u00e4ferenzen oder Ihre Aktivit\u00e4ten in unserem Dienst zu sammeln und zu speichern. Flash-Cookies werden nicht durch dieselben Browsereinstellungen verwaltet wie die f\u00fcr Browser-Cookies verwendeten. F\u00fcr weitere Informationen dar\u00fcber, wie Sie Flash-Cookies l\u00f6schen k\u00f6nnen, lesen Sie bitte \"Wo kann ich die Einstellungen f\u00fcr die Deaktivierung oder das L\u00f6schen von lokal freigegebenen Objekten \u00e4ndern? <a href=\"https:\/\/helpx.adobe.com\/flash-player\/kb\/disable-local-shared-objects-flash.html#main_Where_can_I_change_the_settings_for_disabling__or_deleting_local_shared_objects_\" rel=\"external nofollow noopener noreferrer\" target=\"_blank\">https:\/\/helpx.adobe.com\/flash-player\/kb\/disable-local-shared-objects-flash.html#main_Where_can_I_change_the_settings_for_disabling__or_deleting_local_shared_objects_<\/a><\/li>\n<li><strong>Web-Beacons.<\/strong> Bestimmte Abschnitte unseres Dienstes und unserer E-Mails k\u00f6nnen kleine elektronische Dateien enthalten, die als Web-Beacons (auch als Clear-Gifs, Pixel-Tags und Ein-Pixel-Gifs bezeichnet) bekannt sind und die es dem Unternehmen beispielsweise erm\u00f6glichen, Benutzer zu z\u00e4hlen, die diese Seiten besucht oder eine E-Mail ge\u00f6ffnet haben, und f\u00fcr andere damit zusammenh\u00e4ngende Website-Statistiken (z.B. zur Aufzeichnung der Popularit\u00e4t eines bestimmten Abschnitts und zur \u00dcberpr\u00fcfung der System- und Server-Integrit\u00e4t).<\/li>\n<\/ul>\n<p>Cookies k\u00f6nnen \"Persistente\" oder \"Session\"-Cookies sein. Persistente Cookies verbleiben auf Ihrem pers\u00f6nlichen Computer oder mobilen Ger\u00e4t, wenn Sie offline gehen, w\u00e4hrend Sitzungs-Cookies gel\u00f6scht werden, sobald Sie Ihren Webbrowser schlie\u00dfen. Erfahren Sie mehr \u00fcber Cookies: <a href=\"https:\/\/www.termsfeed.com\/blog\/cookies\/\" target=\"_blank\" rel=\"noopener noreferrer\">Alles \u00fcber Cookies<\/a>.<\/p>\n<p>Wir verwenden sowohl Session- als auch Persistent-Cookies f\u00fcr die unten aufgef\u00fchrten Zwecke:<\/p>\n<ul>\n<li>\n<p><strong>Notwendige\/notwendige Cookies<\/strong><\/p>\n<p>Art: Sitzungs-Cookies<\/p>\n<p>Verwaltet von: Wir<\/p>\n<p>Zweck: Diese Cookies sind unerl\u00e4sslich, um Ihnen die \u00fcber die Website verf\u00fcgbaren Dienstleistungen zur Verf\u00fcgung zu stellen und um Ihnen die Nutzung einiger ihrer Funktionen zu erm\u00f6glichen. Sie helfen, Benutzer zu authentifizieren und die betr\u00fcgerische Nutzung von Benutzerkonten zu verhindern. Ohne diese Cookies k\u00f6nnen die Dienstleistungen, die Sie angefordert haben, nicht bereitgestellt werden, und wir verwenden diese Cookies nur, um Ihnen diese Dienstleistungen zur Verf\u00fcgung zu stellen.<\/p>\n<\/li>\n<li>\n<p><strong>Cookies-Richtlinie \/ Benachrichtigung Annahme-Cookies<\/strong><\/p>\n<p>Art: Persistente Cookies<\/p>\n<p>Verwaltet von: Wir<\/p>\n<p>Zweck: Diese Cookies identifizieren, ob Benutzer die Verwendung von Cookies auf der Website akzeptiert haben.<\/p>\n<\/li>\n<li>\n<p><strong>Funktionalit\u00e4ts-Cookies<\/strong><\/p>\n<p>Art: Persistente Cookies<\/p>\n<p>Verwaltet von: Wir<\/p>\n<p>Zweck: Diese Cookies erm\u00f6glichen es uns, die von Ihnen bei der Nutzung der Website getroffenen Entscheidungen zu speichern, wie z.B. die Speicherung Ihrer Anmeldedaten oder Ihrer Sprachpr\u00e4ferenzen. Der Zweck dieser Cookies besteht darin, Ihnen eine pers\u00f6nlichere Erfahrung zu erm\u00f6glichen und zu vermeiden, dass Sie Ihre Pr\u00e4ferenzen jedes Mal neu eingeben m\u00fcssen, wenn Sie die Website benutzen.<\/p>\n<\/li>\n<\/ul>\n<p>Weitere Informationen \u00fcber die von uns verwendeten Cookies und Ihre Wahlm\u00f6glichkeiten in Bezug auf Cookies finden Sie in unserer Cookie-Richtlinie oder im Abschnitt Cookies in unserer Datenschutzrichtlinie.<\/p>\n<h2>Verwendung Ihrer pers\u00f6nlichen Daten<\/h2>\n<p>Das Unternehmen kann pers\u00f6nliche Daten f\u00fcr die folgenden Zwecke verwenden:<\/p>\n<ul>\n<li>\n<p><strong>Zur Bereitstellung und Aufrechterhaltung unseres Dienstes<\/strong>einschlie\u00dflich der \u00dcberwachung der Nutzung unseres Dienstes.<\/p>\n<\/li>\n<li>\n<p><strong>Um Ihr Konto zu verwalten:<\/strong> um Ihre Registrierung als Benutzer des Dienstes zu verwalten. Die von Ihnen angegebenen pers\u00f6nlichen Daten k\u00f6nnen Ihnen Zugang zu verschiedenen Funktionalit\u00e4ten des Dienstes verschaffen, die Ihnen als registrierter Benutzer zur Verf\u00fcgung stehen.<\/p>\n<\/li>\n<li>\n<p><strong>F\u00fcr die Erf\u00fcllung eines Vertrages:<\/strong> die Entwicklung, Einhaltung und Durchf\u00fchrung des Kaufvertrags f\u00fcr die Produkte, Artikel oder Dienstleistungen, die Sie erworben haben, oder eines anderen Vertrags mit uns \u00fcber den Dienst.<\/p>\n<\/li>\n<li>\n<p><strong>Um Sie zu kontaktieren:<\/strong> Kontaktaufnahme mit Ihnen per E-Mail, Telefonanruf, SMS oder anderen gleichwertigen Formen der elektronischen Kommunikation, wie z.B. Push-Benachrichtigungen einer mobilen Anwendung bez\u00fcglich Aktualisierungen oder informativer Mitteilungen im Zusammenhang mit den Funktionalit\u00e4ten, Produkten oder vertraglich vereinbarten Dienstleistungen, einschlie\u00dflich der Sicherheitsupdates, wenn dies f\u00fcr deren Implementierung notwendig oder angemessen ist.<\/p>\n<\/li>\n<li>\n<p><strong>Ihnen zur Verf\u00fcgung stellen<\/strong> mit Nachrichten, Sonderangeboten und allgemeinen Informationen \u00fcber andere Waren, Dienstleistungen und Veranstaltungen, die wir anbieten und die denen \u00e4hnlich sind, die Sie bereits gekauft oder angefragt haben, es sei denn, Sie haben sich gegen den Erhalt solcher Informationen entschieden.<\/p>\n<\/li>\n<li>\n<p><strong>Um Ihre Anfragen zu verwalten:<\/strong> Um Ihre Anfragen an uns zu bearbeiten und zu verwalten.<\/p>\n<\/li>\n<li>\n<p><strong>F\u00fcr Unternehmens\u00fcbertragungen:<\/strong> Wir k\u00f6nnen Ihre Informationen verwenden, um eine Fusion, Ver\u00e4u\u00dferung, Restrukturierung, Reorganisation, Aufl\u00f6sung oder einen anderen Verkauf oder eine \u00dcbertragung einiger oder aller unserer Verm\u00f6genswerte zu bewerten oder durchzuf\u00fchren, sei es als laufendes Unternehmen oder als Teil eines Konkurs-, Liquidations- oder \u00e4hnlichen Verfahrens, bei dem pers\u00f6nliche Daten, die wir \u00fcber unsere Service-Benutzer besitzen, zu den \u00fcbertragenen Verm\u00f6genswerten geh\u00f6ren.<\/p>\n<\/li>\n<li>\n<p><strong>F\u00fcr andere Zwecke<\/strong>: Wir k\u00f6nnen Ihre Informationen f\u00fcr andere Zwecke verwenden, wie z.B. Datenanalyse, Identifizierung von Nutzungstrends, Bestimmung der Wirksamkeit unserer Werbekampagnen und zur Bewertung und Verbesserung unseres Service, unserer Produkte, Dienstleistungen, unseres Marketings und Ihrer Erfahrung.<\/p>\n<\/li>\n<\/ul>\n<p>Wir k\u00f6nnen Ihre pers\u00f6nlichen Daten in den folgenden Situationen weitergeben:<\/p>\n<ul>\n<li><strong>Mit Dienstanbietern:<\/strong> Wir k\u00f6nnen Ihre pers\u00f6nlichen Daten an Dienstanbieter weitergeben, um die Nutzung unseres Dienstes zu \u00fcberwachen und zu analysieren, um Sie zu kontaktieren.<\/li>\n<li><strong>F\u00fcr Unternehmens\u00fcbertragungen:<\/strong> Wir k\u00f6nnen Ihre pers\u00f6nlichen Daten in Verbindung mit oder w\u00e4hrend der Verhandlungen \u00fcber eine Fusion, den Verkauf von Unternehmensverm\u00f6gen, die Finanzierung oder den Erwerb des gesamten oder eines Teils unseres Gesch\u00e4fts an ein anderes Unternehmen weitergeben oder \u00fcbertragen.<\/li>\n<li><strong>Mit Affiliates:<\/strong> M\u00f6glicherweise geben wir Ihre Informationen an unsere Partner weiter. In diesem Fall verlangen wir von diesen Partnern, dass sie diese Datenschutzrichtlinie einhalten. Zu unseren Partnern geh\u00f6ren unsere Muttergesellschaft und alle anderen Tochtergesellschaften, Joint-Venture-Partner oder andere Unternehmen, die wir kontrollieren oder die unter gemeinsamer Kontrolle mit uns stehen.<\/li>\n<li><strong>Mit Gesch\u00e4ftspartnern:<\/strong> Wir k\u00f6nnen Ihre Daten an unsere Gesch\u00e4ftspartner weitergeben, um Ihnen bestimmte Produkte, Dienstleistungen oder Werbeaktionen anzubieten.<\/li>\n<li><strong>Mit anderen Benutzern:<\/strong> Wenn Sie pers\u00f6nliche Informationen weitergeben oder anderweitig in den \u00f6ffentlichen Bereichen mit anderen Benutzern interagieren, k\u00f6nnen diese Informationen von allen Benutzern eingesehen und nach au\u00dfen hin \u00f6ffentlich verbreitet werden. Wenn Sie mit anderen Benutzern interagieren oder sich \u00fcber einen Social-Media-Dienst eines Drittanbieters registrieren, k\u00f6nnen Ihre Kontakte auf dem Social-Media-Dienst eines Drittanbieters Ihren Namen, Ihr Profil, Ihre Bilder und die Beschreibung Ihrer Aktivit\u00e4t sehen. Ebenso k\u00f6nnen andere Benutzer Beschreibungen Ihrer Aktivit\u00e4t einsehen, mit Ihnen kommunizieren und Ihr Profil einsehen.<\/li>\n<li><strong>Mit Ihrer Zustimmung<\/strong>: Wir k\u00f6nnen Ihre pers\u00f6nlichen Daten mit Ihrer Zustimmung f\u00fcr jeden anderen Zweck offenlegen.<\/li>\n<\/ul>\n<h2>Aufbewahrung Ihrer pers\u00f6nlichen Daten<\/h2>\n<p>Das Unternehmen bewahrt Ihre pers\u00f6nlichen Daten nur so lange auf, wie es f\u00fcr die in dieser Datenschutzrichtlinie dargelegten Zwecke erforderlich ist. Wir werden Ihre pers\u00f6nlichen Daten in dem Umfang aufbewahren und verwenden, wie dies zur Erf\u00fcllung unserer rechtlichen Verpflichtungen (z.B. wenn wir Ihre Daten aufbewahren m\u00fcssen, um geltende Gesetze einzuhalten), zur Beilegung von Streitigkeiten und zur Durchsetzung unserer rechtlichen Vereinbarungen und Richtlinien erforderlich ist.<\/p>\n<p>Das Unternehmen wird die Nutzungsdaten auch f\u00fcr interne Analysezwecke aufbewahren. Nutzungsdaten werden im Allgemeinen f\u00fcr einen k\u00fcrzeren Zeitraum aufbewahrt, es sei denn, diese Daten werden zur St\u00e4rkung der Sicherheit oder zur Verbesserung der Funktionalit\u00e4t unseres Dienstes verwendet, oder wir sind gesetzlich verpflichtet, diese Daten f\u00fcr l\u00e4ngere Zeitr\u00e4ume aufzubewahren.<\/p>\n<h2>\u00dcbermittlung Ihrer pers\u00f6nlichen Daten<\/h2>\n<p>Ihre Informationen, einschlie\u00dflich personenbezogener Daten, werden in den Betriebsb\u00fcros des Unternehmens und an allen anderen Orten verarbeitet, an denen sich die an der Verarbeitung beteiligten Parteien befinden. Das bedeutet, dass diese Informationen an Computer au\u00dferhalb Ihres Bundesstaates, Ihrer Provinz, Ihres Landes oder einer anderen staatlichen Gerichtsbarkeit, in der die Datenschutzgesetze von denen Ihrer Gerichtsbarkeit abweichen k\u00f6nnen, \u00fcbertragen und auf diesen gewartet werden k\u00f6nnen.<\/p>\n<p>Ihre Zustimmung zu dieser Datenschutzrichtlinie, gefolgt von der \u00dcbermittlung solcher Informationen, stellt Ihre Zustimmung zu dieser \u00dcbertragung dar.<\/p>\n<p>Das Unternehmen unternimmt alle vern\u00fcnftigerweise notwendigen Schritte, um sicherzustellen, dass Ihre Daten sicher und in \u00dcbereinstimmung mit dieser Datenschutzrichtlinie behandelt werden und keine \u00dcbertragung Ihrer pers\u00f6nlichen Daten an eine Organisation oder ein Land erfolgt, es sei denn, es sind angemessene Kontrollen vorhanden, einschlie\u00dflich der Sicherheit Ihrer Daten und anderer pers\u00f6nlicher Informationen.<\/p>\n<h2>Offenlegung Ihrer pers\u00f6nlichen Daten<\/h2>\n<h3>Gesch\u00e4ftliche Transaktionen<\/h3>\n<p>Wenn das Unternehmen an einer Fusion, \u00dcbernahme oder einem Verkauf von Verm\u00f6genswerten beteiligt ist, k\u00f6nnen Ihre pers\u00f6nlichen Daten \u00fcbertragen werden. Wir werden Sie informieren, bevor Ihre pers\u00f6nlichen Daten \u00fcbertragen werden und einer anderen Datenschutzrichtlinie unterliegen.<\/p>\n<h3>Rechtsdurchsetzung<\/h3>\n<p>Unter bestimmten Umst\u00e4nden kann das Unternehmen verpflichtet sein, Ihre pers\u00f6nlichen Daten offen zu legen, wenn dies gesetzlich vorgeschrieben ist oder in Reaktion auf berechtigte Anfragen von Beh\u00f6rden (z.B. eines Gerichts oder einer Regierungsbeh\u00f6rde).<\/p>\n<h3>Andere rechtliche Anforderungen<\/h3>\n<p>Das Unternehmen kann Ihre pers\u00f6nlichen Daten in dem guten Glauben offen legen, dass eine solche Ma\u00dfnahme dazu notwendig ist:<\/p>\n<ul>\n<li>einer rechtlichen Verpflichtung nachkommen<\/li>\n<li>Sch\u00fctzen und verteidigen Sie die Rechte oder das Eigentum des Unternehmens<\/li>\n<li>M\u00f6gliches Fehlverhalten im Zusammenhang mit dem Dienst zu verhindern oder zu untersuchen<\/li>\n<li>Sch\u00fctzen Sie die pers\u00f6nliche Sicherheit der Benutzer des Dienstes oder der \u00d6ffentlichkeit<\/li>\n<li>Schutz vor gesetzlicher Haftung<\/li>\n<\/ul>\n<h2>Sicherheit Ihrer pers\u00f6nlichen Daten<\/h2>\n<p>Die Sicherheit Ihrer pers\u00f6nlichen Daten ist uns wichtig, aber denken Sie daran, dass keine Methode der \u00dcbertragung \u00fcber das Internet oder Methode der elektronischen Speicherung 100% sicher ist. Obwohl wir uns bem\u00fchen, kommerziell akzeptable Mittel zum Schutz Ihrer pers\u00f6nlichen Daten zu verwenden, k\u00f6nnen wir ihre absolute Sicherheit nicht garantieren.<\/p>\n<h1>Ihre kalifornischen Datenschutzrechte (kalifornisches Gesetz \"Shine the Light\")<\/h1>\n<p>Gem\u00e4\u00df California Civil Code Section 1798 (kalifornisches \"Shine the Light\"-Gesetz) k\u00f6nnen kalifornische Einwohner mit einer etablierten Gesch\u00e4ftsbeziehung zu uns einmal im Jahr Informationen \u00fcber die Weitergabe ihrer pers\u00f6nlichen Daten an Dritte f\u00fcr deren Direktmarketingzwecke anfordern.<\/p>\n<p>Wenn Sie weitere Informationen gem\u00e4\u00df dem kalifornischen \"Shine the Light\"-Gesetz anfordern m\u00f6chten und wenn Sie in Kalifornien ans\u00e4ssig sind, k\u00f6nnen Sie uns \u00fcber die unten angegebenen Kontaktinformationen kontaktieren.<\/p>\n<h1>Kalifornische Datenschutzrechte f\u00fcr minderj\u00e4hrige Benutzer (California Business and Professions Code Section 22581)<\/h1>\n<p>Gem\u00e4\u00df Abschnitt 22581 des California Business and Professions Code k\u00f6nnen in Kalifornien ans\u00e4ssige Personen unter 18 Jahren, die registrierte Benutzer von Online-Sites, -Diensten oder -Anwendungen sind, die Entfernung von Inhalten oder Informationen, die sie \u00f6ffentlich gepostet haben, beantragen und erhalten.<\/p>\n<p>Um die Entfernung solcher Daten zu beantragen, und wenn Sie in Kalifornien ans\u00e4ssig sind, k\u00f6nnen Sie uns \u00fcber die unten angegebenen Kontaktinformationen kontaktieren und die mit Ihrem Konto verbundene E-Mail-Adresse angeben.<\/p>\n<p>Seien Sie sich bewusst, dass Ihre Anfrage keine vollst\u00e4ndige oder umfassende Entfernung von Inhalten oder Informationen garantiert, die online ver\u00f6ffentlicht wurden, und dass das Gesetz unter bestimmten Umst\u00e4nden die Entfernung nicht erlaubt oder verlangt.<\/p>\n<h1>Links zu anderen Websites<\/h1>\n<p>Unser Service kann Links zu anderen Websites enthalten, die nicht von uns betrieben werden. Wenn Sie auf einen Link einer dritten Partei klicken, werden Sie auf die Website dieser dritten Partei weitergeleitet. Wir empfehlen Ihnen dringend, die Datenschutzrichtlinie jeder von Ihnen besuchten Website zu \u00fcberpr\u00fcfen.<\/p>\n<p>Wir haben keine Kontrolle \u00fcber und \u00fcbernehmen keine Verantwortung f\u00fcr den Inhalt, die Datenschutzrichtlinien oder Praktiken von Websites oder Diensten Dritter.<\/p>\n<h1>\u00c4nderungen an dieser Datenschutzerkl\u00e4rung<\/h1>\n<p>Wir k\u00f6nnen unsere Datenschutzrichtlinie von Zeit zu Zeit aktualisieren. Wir werden Sie \u00fcber alle \u00c4nderungen informieren, indem wir die neue Datenschutzrichtlinie auf dieser Seite ver\u00f6ffentlichen.<\/p>\n<p>Wir werden Sie per E-Mail und\/oder durch einen auff\u00e4lligen Hinweis in unserem Service informieren, bevor die \u00c4nderung in Kraft tritt, und das Datum der \"letzten Aktualisierung\" am Anfang dieser Datenschutzrichtlinie aktualisieren.<\/p>\n<p>Wir empfehlen Ihnen, diese Datenschutzrichtlinie regelm\u00e4\u00dfig auf \u00c4nderungen zu \u00fcberpr\u00fcfen. \u00c4nderungen an dieser Datenschutzrichtlinie werden wirksam, wenn sie auf dieser Seite ver\u00f6ffentlicht werden.<\/p>\n<h1>Kontakt<\/h1>\n<p>Wenn Sie Fragen zu dieser Datenschutzrichtlinie haben, k\u00f6nnen Sie uns kontaktieren:<\/p>\n<ul>\n<li>Durch den Besuch dieser Seite auf unserer Website: <a href=\"https:\/\/theliteraryarts.com\/de\/contact\/\" rel=\"external nofollow noopener noreferrer\" target=\"_blank\">https:\/\/theliteraryarts.com\/contact<\/a><\/li>\n<\/ul>","protected":false},"excerpt":{"rendered":"<p>Privacy Policy Last updated: October 29, 2020 This Privacy Policy describes Our policies and procedures on the collection, use and disclosure of Your information when You use the Service and tells You about Your privacy rights and how the law protects You. We use Your Personal data to provide and improve the Service. By using [&hellip;]<\/p>\n","protected":false},"author":1,"featured_media":0,"parent":0,"menu_order":0,"comment_status":"closed","ping_status":"open","template":"","meta":{"_et_pb_use_builder":"","_et_pb_old_content":"","_et_gb_content_width":"","footnotes":""},"class_list":["post-3","page","type-page","status-publish","hentry"],"_links":{"self":[{"href":"https:\/\/theliteraryarts.com\/de\/wp-json\/wp\/v2\/pages\/3","targetHints":{"allow":["GET"]}}],"collection":[{"href":"https:\/\/theliteraryarts.com\/de\/wp-json\/wp\/v2\/pages"}],"about":[{"href":"https:\/\/theliteraryarts.com\/de\/wp-json\/wp\/v2\/types\/page"}],"author":[{"embeddable":true,"href":"https:\/\/theliteraryarts.com\/de\/wp-json\/wp\/v2\/users\/1"}],"replies":[{"embeddable":true,"href":"https:\/\/theliteraryarts.com\/de\/wp-json\/wp\/v2\/comments?post=3"}],"version-history":[{"count":0,"href":"https:\/\/theliteraryarts.com\/de\/wp-json\/wp\/v2\/pages\/3\/revisions"}],"wp:attachment":[{"href":"https:\/\/theliteraryarts.com\/de\/wp-json\/wp\/v2\/media?parent=3"}],"curies":[{"name":"wp","href":"https:\/\/api.w.org\/{rel}","templated":true}]}}