{"id":3,"date":"2020-09-11T05:16:19","date_gmt":"2020-09-11T05:16:19","guid":{"rendered":"https:\/\/theliteraryarts.com\/?page_id=3"},"modified":"2020-10-28T22:34:42","modified_gmt":"2020-10-29T05:34:42","slug":"privacy-policy","status":"publish","type":"page","link":"https:\/\/theliteraryarts.com\/fr\/privacy-policy\/","title":{"rendered":"Politique de confidentialit\u00e9"},"content":{"rendered":"<h1>Politique de confidentialit\u00e9<\/h1>\n<p>Derni\u00e8re mise \u00e0 jour : 29 octobre 2020<\/p>\n<p>La pr\u00e9sente politique de confidentialit\u00e9 d\u00e9crit nos politiques et proc\u00e9dures en mati\u00e8re de collecte, d'utilisation et de divulgation de vos informations lorsque vous utilisez le service et vous informe de vos droits en mati\u00e8re de confidentialit\u00e9 et de la mani\u00e8re dont la loi vous prot\u00e8ge.<\/p>\n<p>Nous utilisons vos donn\u00e9es personnelles pour fournir et am\u00e9liorer le Service. En utilisant le Service, vous acceptez la collecte et l'utilisation des informations conform\u00e9ment \u00e0 la pr\u00e9sente Politique de confidentialit\u00e9. Cette politique de confidentialit\u00e9 a \u00e9t\u00e9 cr\u00e9\u00e9e avec l'aide de la <a href=\"https:\/\/www.termsfeed.com\/privacy-policy-generator\/\" target=\"_blank\" rel=\"noopener noreferrer\">G\u00e9n\u00e9rateur de politique de confidentialit\u00e9<\/a>.<\/p>\n<h1>Interpr\u00e9tation et d\u00e9finitions<\/h1>\n<h2>Interpr\u00e9tation<\/h2>\n<p>Les mots dont la lettre initiale est en majuscule ont des significations d\u00e9finies dans les conditions suivantes. Les d\u00e9finitions suivantes ont le m\u00eame sens, qu'elles apparaissent au singulier ou au pluriel.<\/p>\n<h2>D\u00e9finitions<\/h2>\n<p>Aux fins de la pr\u00e9sente politique de confidentialit\u00e9 :<\/p>\n<ul>\n<li>\n<p><strong>Compte<\/strong> d\u00e9signe un compte unique cr\u00e9\u00e9 pour vous afin d'acc\u00e9der \u00e0 notre service ou \u00e0 certaines parties de notre service.<\/p>\n<\/li>\n<li>\n<p><strong>Entreprise<\/strong> (d\u00e9sign\u00e9 par les termes \"la soci\u00e9t\u00e9\", \"nous\", \"notre\" ou \"nos\" dans le pr\u00e9sent accord) fait r\u00e9f\u00e9rence \u00e0 TheLiteraryArts.<\/p>\n<\/li>\n<li>\n<p><strong>Cookies<\/strong> sont de petits fichiers qui sont plac\u00e9s sur votre ordinateur, votre appareil mobile ou tout autre appareil par un site web, contenant les d\u00e9tails de votre historique de navigation sur ce site web parmi ses nombreuses utilisations.<\/p>\n<\/li>\n<li>\n<p><strong>Pays<\/strong> se r\u00e9f\u00e8re \u00e0 : Californie, \u00c9tats-Unis<\/p>\n<\/li>\n<li>\n<p><strong>Dispositif<\/strong> d\u00e9signe tout appareil permettant d'acc\u00e9der au Service tel qu'un ordinateur, un t\u00e9l\u00e9phone portable ou une tablette num\u00e9rique.<\/p>\n<\/li>\n<li>\n<p><strong>Donn\u00e9es personnelles<\/strong> est toute information qui se rapporte \u00e0 une personne identifi\u00e9e ou identifiable.<\/p>\n<\/li>\n<li>\n<p><strong>Service<\/strong> fait r\u00e9f\u00e9rence au site web.<\/p>\n<\/li>\n<li>\n<p><strong>Prestataire de services<\/strong> d\u00e9signe toute personne physique ou morale qui traite les donn\u00e9es pour le compte de la Soci\u00e9t\u00e9. Il s'agit de soci\u00e9t\u00e9s tierces ou de personnes employ\u00e9es par la Soci\u00e9t\u00e9 pour faciliter le Service, pour fournir le Service au nom de la Soci\u00e9t\u00e9, pour effectuer des services li\u00e9s au Service ou pour aider la Soci\u00e9t\u00e9 \u00e0 analyser la fa\u00e7on dont le Service est utilis\u00e9.<\/p>\n<\/li>\n<li>\n<p><strong>Service de m\u00e9dias sociaux tiers<\/strong> d\u00e9signe tout site web ou tout site de r\u00e9seau social par lequel un Utilisateur peut se connecter ou cr\u00e9er un compte pour utiliser le Service.<\/p>\n<\/li>\n<li>\n<p><strong>Donn\u00e9es d'utilisation<\/strong> se r\u00e9f\u00e8re aux donn\u00e9es collect\u00e9es automatiquement, soit g\u00e9n\u00e9r\u00e9es par l'utilisation du service, soit par l'infrastructure du service elle-m\u00eame (par exemple, la dur\u00e9e de la visite d'une page).<\/p>\n<\/li>\n<li>\n<p><strong>Site web<\/strong> fait r\u00e9f\u00e9rence \u00e0 TheLiteraryArts, accessible \u00e0 partir de <a href=\"https:\/\/theliteraryarts.com\/fr\/\" rel=\"external nofollow noopener noreferrer\" target=\"_blank\">https:\/\/theliteraryarts.com<\/a><\/p>\n<\/li>\n<li>\n<p><strong>Vous<\/strong> d\u00e9signe la personne qui acc\u00e8de au Service ou l'utilise, ou la soci\u00e9t\u00e9 ou toute autre entit\u00e9 juridique pour le compte de laquelle cette personne acc\u00e8de au Service ou l'utilise, selon le cas.<\/p>\n<\/li>\n<\/ul>\n<h1>Collecte et utilisation de vos donn\u00e9es personnelles<\/h1>\n<h2>Types de donn\u00e9es collect\u00e9es<\/h2>\n<h3>Donn\u00e9es personnelles<\/h3>\n<p>Lors de l'utilisation de notre service, nous pouvons vous demander de nous fournir certaines informations personnellement identifiables qui peuvent \u00eatre utilis\u00e9es pour vous contacter ou vous identifier. Les informations personnellement identifiables peuvent inclure, mais ne sont pas limit\u00e9es \u00e0 :<\/p>\n<ul>\n<li>\n<p>Adresse \u00e9lectronique<\/p>\n<\/li>\n<li>\n<p>Pr\u00e9nom et nom de famille<\/p>\n<\/li>\n<li>\n<p>Donn\u00e9es d'utilisation<\/p>\n<\/li>\n<\/ul>\n<h3>Donn\u00e9es d'utilisation<\/h3>\n<p>Les donn\u00e9es d'utilisation sont collect\u00e9es automatiquement lors de l'utilisation du service.<\/p>\n<p>Les Donn\u00e9es d'utilisation peuvent inclure des informations telles que l'adresse de protocole Internet (par exemple, l'adresse IP) de votre appareil, le type de navigateur, la version du navigateur, les pages de notre Service que vous visitez, l'heure et la date de votre visite, le temps pass\u00e9 sur ces pages, les identifiants uniques de l'appareil et d'autres donn\u00e9es de diagnostic.<\/p>\n<p>Lorsque vous acc\u00e9dez au Service par ou via un appareil mobile, nous pouvons recueillir automatiquement certaines informations, y compris, mais sans s'y limiter, le type d'appareil mobile que vous utilisez, l'identifiant unique de votre appareil mobile, l'adresse IP de votre appareil mobile, votre syst\u00e8me d'exploitation mobile, le type de navigateur Internet mobile que vous utilisez, les identifiants uniques de l'appareil et d'autres donn\u00e9es de diagnostic.<\/p>\n<p>Nous pouvons \u00e9galement recueillir les informations que votre navigateur envoie lorsque vous visitez notre service ou lorsque vous acc\u00e9dez au service par ou via un appareil mobile.<\/p>\n<h3>Technologies de suivi et cookies<\/h3>\n<p>Nous utilisons des cookies et des technologies de suivi similaires pour suivre l'activit\u00e9 sur Notre Service et stocker certaines informations. Les technologies de suivi utilis\u00e9es sont des balises, des marqueurs et des scripts pour collecter et suivre des informations et pour am\u00e9liorer et analyser Notre Service. Les technologies que nous utilisons peuvent inclure :<\/p>\n<ul>\n<li><strong>Cookies ou cookies de navigateur.<\/strong> Un cookie est un petit fichier plac\u00e9 sur votre appareil. Vous pouvez demander \u00e0 votre navigateur de refuser tous les cookies ou d'indiquer quand un cookie est envoy\u00e9. Toutefois, si vous n'acceptez pas les cookies, il se peut que vous ne puissiez pas utiliser certaines parties de notre service. \u00c0 moins que vous n'ayez r\u00e9gl\u00e9 les param\u00e8tres de votre navigateur pour qu'il refuse les cookies, notre service peut utiliser des cookies.<\/li>\n<li><strong>Cookies Flash.<\/strong> Certaines fonctionnalit\u00e9s de notre Service peuvent utiliser des objets stock\u00e9s localement (ou Flash Cookies) pour collecter et stocker des informations sur vos pr\u00e9f\u00e9rences ou votre activit\u00e9 sur notre Service. Les Flash Cookies ne sont pas g\u00e9r\u00e9s par les m\u00eames param\u00e8tres de navigateur que ceux utilis\u00e9s pour les Browser Cookies. Pour plus d'informations sur la mani\u00e8re dont vous pouvez supprimer les cookies Flash, veuillez lire \"O\u00f9 puis-je modifier les param\u00e8tres de d\u00e9sactivation ou de suppression des objets locaux partag\u00e9s ?\", disponible \u00e0 l'adresse suivante <a href=\"https:\/\/helpx.adobe.com\/flash-player\/kb\/disable-local-shared-objects-flash.html#main_Where_can_I_change_the_settings_for_disabling__or_deleting_local_shared_objects_\" rel=\"external nofollow noopener noreferrer\" target=\"_blank\">https:\/\/helpx.adobe.com\/flash-player\/kb\/disable-local-shared-objects-flash.html#main_Where_can_I_change_the_settings_for_disabling__or_deleting_local_shared_objects_<\/a><\/li>\n<li><strong>Balises Web.<\/strong> Certaines sections de notre service et nos courriels peuvent contenir de petits fichiers \u00e9lectroniques connus sous le nom de pixels invisibles (\u00e9galement appel\u00e9s gifs invisibles, balises pixel et gifs \u00e0 pixel unique) qui permettent \u00e0 la soci\u00e9t\u00e9, par exemple, de compter les utilisateurs qui ont visit\u00e9 ces pages ou ouvert un courriel et de r\u00e9aliser d'autres statistiques relatives au site Web (par exemple, enregistrer la popularit\u00e9 d'une certaine section et v\u00e9rifier l'int\u00e9grit\u00e9 du syst\u00e8me et du serveur).<\/li>\n<\/ul>\n<p>Les cookies peuvent \u00eatre des cookies \"persistants\" ou des cookies \"de session\". Les Cookies persistants restent sur votre ordinateur personnel ou votre appareil mobile lorsque vous vous d\u00e9connectez, tandis que les Cookies de session sont supprim\u00e9s d\u00e8s que vous fermez votre navigateur web. En savoir plus sur les cookies : <a href=\"https:\/\/www.termsfeed.com\/blog\/cookies\/\" target=\"_blank\" rel=\"noopener noreferrer\">Tout sur les cookies<\/a>.<\/p>\n<p>Nous utilisons des cookies de session et des cookies persistants aux fins \u00e9nonc\u00e9es ci-dessous :<\/p>\n<ul>\n<li>\n<p><strong>Cookies N\u00e9cessaires \/ Essentiels<\/strong><\/p>\n<p>Type : Cookies de session<\/p>\n<p>Administr\u00e9 par : Us<\/p>\n<p>Objectif : Ces cookies sont essentiels pour Vous fournir les services disponibles par le biais du site Web et pour Vous permettre d'utiliser certaines de ses fonctionnalit\u00e9s. Ils aident \u00e0 authentifier les utilisateurs et \u00e0 pr\u00e9venir l'utilisation frauduleuse des comptes d'utilisateurs. Sans ces Cookies, les services que Vous avez demand\u00e9s ne peuvent pas \u00eatre fournis, et Nous utilisons ces Cookies uniquement pour Vous fournir ces services.<\/p>\n<\/li>\n<li>\n<p><strong>Politique de cookies \/ Avis Acceptation des cookies<\/strong><\/p>\n<p>Type : Cookies persistants<\/p>\n<p>Administr\u00e9 par : Us<\/p>\n<p>Objectif : Ces cookies identifient si les utilisateurs ont accept\u00e9 l'utilisation de cookies sur le site Web.<\/p>\n<\/li>\n<li>\n<p><strong>Cookies de fonctionnalit\u00e9<\/strong><\/p>\n<p>Type : Cookies persistants<\/p>\n<p>Administr\u00e9 par : Us<\/p>\n<p>Objectif : Ces cookies nous permettent de nous souvenir des choix que vous faites lorsque vous utilisez le site Web, comme la m\u00e9morisation de vos donn\u00e9es de connexion ou de vos pr\u00e9f\u00e9rences linguistiques. L'objectif de ces cookies est de vous offrir une exp\u00e9rience plus personnelle et de vous \u00e9viter de devoir saisir \u00e0 nouveau vos pr\u00e9f\u00e9rences chaque fois que vous utilisez le site Web.<\/p>\n<\/li>\n<\/ul>\n<p>Pour plus d'informations sur les cookies que nous utilisons et vos choix en mati\u00e8re de cookies, veuillez consulter notre politique en mati\u00e8re de cookies ou la section Cookies de notre politique de confidentialit\u00e9.<\/p>\n<h2>Utilisation de vos donn\u00e9es personnelles<\/h2>\n<p>La soci\u00e9t\u00e9 peut utiliser les donn\u00e9es personnelles aux fins suivantes :<\/p>\n<ul>\n<li>\n<p><strong>Pour fournir et maintenir notre service<\/strong>y compris pour contr\u00f4ler l'utilisation de notre service.<\/p>\n<\/li>\n<li>\n<p><strong>Pour g\u00e9rer votre compte :<\/strong> pour g\u00e9rer votre inscription en tant qu'utilisateur du Service. Les Donn\u00e9es Personnelles que vous fournissez peuvent vous donner acc\u00e8s \u00e0 diff\u00e9rentes fonctionnalit\u00e9s du Service qui vous sont accessibles en tant qu'utilisateur enregistr\u00e9.<\/p>\n<\/li>\n<li>\n<p><strong>Pour l'ex\u00e9cution d'un contrat :<\/strong> l'\u00e9laboration, le respect et la r\u00e9alisation du contrat d'achat des produits, articles ou services que Vous avez achet\u00e9s ou de tout autre contrat avec Nous par le biais du Service.<\/p>\n<\/li>\n<li>\n<p><strong>Pour vous contacter :<\/strong> Vous contacter par courrier \u00e9lectronique, appels t\u00e9l\u00e9phoniques, SMS ou autres formes \u00e9quivalentes de communication \u00e9lectronique, telles que les notifications push d'une application mobile concernant les mises \u00e0 jour ou les communications informatives li\u00e9es aux fonctionnalit\u00e9s, produits ou services contractuels, y compris les mises \u00e0 jour de s\u00e9curit\u00e9, lorsque cela est n\u00e9cessaire ou raisonnable pour leur mise en \u0153uvre.<\/p>\n<\/li>\n<li>\n<p><strong>Pour vous fournir<\/strong> des nouvelles, des offres sp\u00e9ciales et des informations g\u00e9n\u00e9rales sur d'autres biens, services et \u00e9v\u00e9nements que nous proposons et qui sont similaires \u00e0 ceux que vous avez d\u00e9j\u00e0 achet\u00e9s ou sur lesquels vous vous \u00eates renseign\u00e9, sauf si vous avez choisi de ne pas recevoir ces informations.<\/p>\n<\/li>\n<li>\n<p><strong>Pour g\u00e9rer vos demandes :<\/strong> Pour r\u00e9pondre et g\u00e9rer les demandes que vous nous adressez.<\/p>\n<\/li>\n<li>\n<p><strong>Pour les transferts d'entreprises :<\/strong> Nous pouvons utiliser Vos informations pour \u00e9valuer ou mener une fusion, un d\u00e9sinvestissement, une restructuration, une r\u00e9organisation, une dissolution ou toute autre vente ou transfert de tout ou partie de Nos actifs, que ce soit dans le cadre d'une poursuite d'activit\u00e9 ou d'une faillite, d'une liquidation ou d'une proc\u00e9dure similaire, dans laquelle les Donn\u00e9es personnelles que Nous d\u00e9tenons sur les utilisateurs de nos Services font partie des actifs transf\u00e9r\u00e9s.<\/p>\n<\/li>\n<li>\n<p><strong>A d'autres fins<\/strong>: Nous pouvons utiliser Vos informations \u00e0 d'autres fins, telles que l'analyse des donn\u00e9es, l'identification des tendances d'utilisation, la d\u00e9termination de l'efficacit\u00e9 de nos campagnes promotionnelles et l'\u00e9valuation et l'am\u00e9lioration de notre Service, de nos produits, de nos services, de notre marketing et de votre exp\u00e9rience.<\/p>\n<\/li>\n<\/ul>\n<p>Nous pouvons partager vos informations personnelles dans les situations suivantes :<\/p>\n<ul>\n<li><strong>Avec les fournisseurs de services :<\/strong> Nous pouvons partager vos informations personnelles avec les fournisseurs de services pour surveiller et analyser l'utilisation de notre service, pour vous contacter.<\/li>\n<li><strong>Pour les transferts d'entreprises :<\/strong> Nous pouvons partager ou transf\u00e9rer vos informations personnelles dans le cadre ou au cours des n\u00e9gociations d'une fusion, d'une vente d'actifs de la soci\u00e9t\u00e9, d'un financement ou de l'acquisition de tout ou partie de nos activit\u00e9s par une autre soci\u00e9t\u00e9.<\/li>\n<li><strong>Avec les affili\u00e9s :<\/strong> Nous pouvons partager vos informations avec nos soci\u00e9t\u00e9s affili\u00e9es, auquel cas nous demanderons \u00e0 ces soci\u00e9t\u00e9s affili\u00e9es de respecter la pr\u00e9sente politique de confidentialit\u00e9. Les soci\u00e9t\u00e9s affili\u00e9es comprennent notre soci\u00e9t\u00e9 m\u00e8re et toute autre filiale, partenaire de coentreprise ou autre soci\u00e9t\u00e9 que nous contr\u00f4lons ou qui est sous contr\u00f4le commun avec nous.<\/li>\n<li><strong>Avec des partenaires commerciaux :<\/strong> Nous pouvons partager vos informations avec nos partenaires commerciaux pour vous proposer certains produits, services ou promotions.<\/li>\n<li><strong>Avec d'autres utilisateurs :<\/strong> lorsque Vous partagez des informations personnelles ou interagissez de toute autre mani\u00e8re dans les zones publiques avec d'autres utilisateurs, ces informations peuvent \u00eatre vues par tous les utilisateurs et peuvent \u00eatre diffus\u00e9es publiquement \u00e0 l'ext\u00e9rieur. Si vous interagissez avec d'autres utilisateurs ou si vous vous inscrivez par le biais d'un service de m\u00e9dias sociaux tiers, vos contacts sur le service de m\u00e9dias sociaux tiers peuvent voir votre nom, votre profil, vos photos et la description de votre activit\u00e9. De m\u00eame, d'autres utilisateurs pourront voir les descriptions de votre activit\u00e9, communiquer avec vous et voir votre profil.<\/li>\n<li><strong>Avec votre consentement<\/strong>: Nous pouvons divulguer vos informations personnelles \u00e0 toute autre fin avec votre consentement.<\/li>\n<\/ul>\n<h2>Conservation de vos donn\u00e9es personnelles<\/h2>\n<p>La Soci\u00e9t\u00e9 ne conservera vos Donn\u00e9es personnelles que pendant la dur\u00e9e n\u00e9cessaire aux fins \u00e9nonc\u00e9es dans la pr\u00e9sente Politique de confidentialit\u00e9. Nous conserverons et utiliserons Vos Donn\u00e9es personnelles dans la mesure n\u00e9cessaire pour nous conformer \u00e0 nos obligations l\u00e9gales (par exemple, si nous sommes tenus de conserver vos donn\u00e9es pour nous conformer aux lois applicables), r\u00e9soudre les litiges et appliquer nos accords et politiques juridiques.<\/p>\n<p>La Soci\u00e9t\u00e9 conservera \u00e9galement les Donn\u00e9es d'utilisation \u00e0 des fins d'analyse interne. Les Donn\u00e9es d'utilisation sont g\u00e9n\u00e9ralement conserv\u00e9es pendant une p\u00e9riode plus courte, sauf si ces donn\u00e9es sont utilis\u00e9es pour renforcer la s\u00e9curit\u00e9 ou am\u00e9liorer la fonctionnalit\u00e9 de Notre Service, ou si Nous sommes l\u00e9galement oblig\u00e9s de conserver ces donn\u00e9es pendant des p\u00e9riodes plus longues.<\/p>\n<h2>Transfert de vos donn\u00e9es personnelles<\/h2>\n<p>Vos informations, y compris les Donn\u00e9es personnelles, sont trait\u00e9es dans les bureaux d'exploitation de la Soci\u00e9t\u00e9 et dans tout autre lieu o\u00f9 se trouvent les parties impliqu\u00e9es dans le traitement. Cela signifie que ces informations peuvent \u00eatre transf\u00e9r\u00e9es vers - et conserv\u00e9es sur - des ordinateurs situ\u00e9s en dehors de Votre \u00e9tat, province, pays ou autre juridiction gouvernementale o\u00f9 les lois de protection des donn\u00e9es peuvent diff\u00e9rer de celles de Votre juridiction.<\/p>\n<p>Votre consentement \u00e0 la pr\u00e9sente politique de confidentialit\u00e9, suivi de votre soumission de ces informations, repr\u00e9sente votre accord \u00e0 ce transfert.<\/p>\n<p>La Soci\u00e9t\u00e9 prendra toutes les mesures raisonnablement n\u00e9cessaires pour s'assurer que Vos donn\u00e9es sont trait\u00e9es en toute s\u00e9curit\u00e9 et conform\u00e9ment \u00e0 la pr\u00e9sente politique de confidentialit\u00e9 et aucun transfert de Vos donn\u00e9es personnelles n'aura lieu vers une organisation ou un pays \u00e0 moins qu'il n'y ait des contr\u00f4les ad\u00e9quats en place, y compris la s\u00e9curit\u00e9 de Vos donn\u00e9es et autres informations personnelles.<\/p>\n<h2>Divulgation de vos donn\u00e9es personnelles<\/h2>\n<h3>Transactions commerciales<\/h3>\n<p>Si la soci\u00e9t\u00e9 est impliqu\u00e9e dans une fusion, une acquisition ou une vente d'actifs, vos donn\u00e9es personnelles peuvent \u00eatre transf\u00e9r\u00e9es. Nous fournirons un avis avant que Vos Donn\u00e9es personnelles ne soient transf\u00e9r\u00e9es et ne soient soumises \u00e0 une Politique de confidentialit\u00e9 diff\u00e9rente.<\/p>\n<h3>Application de la loi<\/h3>\n<p>Dans certaines circonstances, la Soci\u00e9t\u00e9 peut \u00eatre tenue de divulguer Vos Donn\u00e9es personnelles si la loi l'exige ou en r\u00e9ponse \u00e0 des demandes valables des autorit\u00e9s publiques (par exemple, un tribunal ou une agence gouvernementale).<\/p>\n<h3>Autres exigences l\u00e9gales<\/h3>\n<p>La Soci\u00e9t\u00e9 peut divulguer vos donn\u00e9es personnelles si elle croit de bonne foi qu'une telle action est n\u00e9cessaire pour :<\/p>\n<ul>\n<li>Se conformer \u00e0 une obligation l\u00e9gale<\/li>\n<li>prot\u00e9ger et d\u00e9fendre les droits ou les biens de la soci\u00e9t\u00e9<\/li>\n<li>pr\u00e9venir ou enqu\u00eater sur d'\u00e9ventuels actes r\u00e9pr\u00e9hensibles en rapport avec le service<\/li>\n<li>prot\u00e9ger la s\u00e9curit\u00e9 personnelle des utilisateurs du service ou du public<\/li>\n<li>Prot\u00e9ger contre la responsabilit\u00e9 juridique<\/li>\n<\/ul>\n<h2>S\u00e9curit\u00e9 de vos donn\u00e9es personnelles<\/h2>\n<p>La s\u00e9curit\u00e9 de Vos Donn\u00e9es Personnelles est importante pour Nous, mais n'oubliez pas qu'aucune m\u00e9thode de transmission sur Internet, ou m\u00e9thode de stockage \u00e9lectronique n'est 100% s\u00fbre. Bien que Nous nous efforcions d'utiliser des moyens commercialement acceptables pour prot\u00e9ger Vos Donn\u00e9es Personnelles, Nous ne pouvons pas garantir leur s\u00e9curit\u00e9 absolue.<\/p>\n<h1>Votre droit \u00e0 la vie priv\u00e9e en Californie (loi californienne \"Shine the Light\")<\/h1>\n<p>En vertu de la section 1798 du code civil californien (loi californienne \"Shine the Light\"), les r\u00e9sidents californiens ayant une relation commerciale \u00e9tablie avec nous peuvent demander une fois par an des informations sur le partage de leurs donn\u00e9es personnelles avec des tiers \u00e0 des fins de marketing direct.<\/p>\n<p>Si vous souhaitez demander plus d'informations en vertu de la loi californienne Shine the Light, et si vous \u00eates un r\u00e9sident de Californie, vous pouvez nous contacter en utilisant les coordonn\u00e9es fournies ci-dessous.<\/p>\n<h1>Droits \u00e0 la vie priv\u00e9e des utilisateurs mineurs en Californie (California Business and Professions Code Section 22581)<\/h1>\n<p>La section 22581 du California Business and Professions Code permet aux r\u00e9sidents californiens de moins de 18 ans qui sont des utilisateurs enregistr\u00e9s de sites, de services ou d'applications en ligne de demander et d'obtenir le retrait du contenu ou des informations qu'ils ont publi\u00e9s.<\/p>\n<p>Pour demander la suppression de ces donn\u00e9es, et si vous \u00eates un r\u00e9sident de Californie, vous pouvez nous contacter en utilisant les informations de contact fournies ci-dessous, et inclure l'adresse \u00e9lectronique associ\u00e9e \u00e0 votre compte.<\/p>\n<p>Sachez que votre demande ne garantit pas le retrait complet ou exhaustif du contenu ou des informations mis en ligne et que la loi peut ne pas autoriser ou exiger le retrait dans certaines circonstances.<\/p>\n<h1>Liens vers d'autres sites web<\/h1>\n<p>Notre Service peut contenir des liens vers d'autres sites web qui ne sont pas exploit\u00e9s par Nous. Si vous cliquez sur un lien tiers, vous serez dirig\u00e9 vers le site de ce tiers. Nous vous conseillons vivement de consulter la politique de confidentialit\u00e9 de chaque site que vous visitez.<\/p>\n<p>Nous n'avons aucun contr\u00f4le et n'assumons aucune responsabilit\u00e9 quant au contenu, aux politiques de confidentialit\u00e9 ou aux pratiques de tout site ou service tiers.<\/p>\n<h1>Modifications de la pr\u00e9sente politique de confidentialit\u00e9<\/h1>\n<p>Nous pouvons mettre \u00e0 jour notre politique de confidentialit\u00e9 de temps \u00e0 autre. Nous vous informerons de toute modification en publiant la nouvelle politique de confidentialit\u00e9 sur cette page.<\/p>\n<p>Nous vous en informerons par e-mail et\/ou par un avis bien visible sur notre service, avant que la modification ne prenne effet et nous mettrons \u00e0 jour la date de \" derni\u00e8re mise \u00e0 jour \" en haut de la pr\u00e9sente politique de confidentialit\u00e9.<\/p>\n<p>Nous vous conseillons de consulter r\u00e9guli\u00e8rement cette politique de confidentialit\u00e9 pour prendre connaissance des \u00e9ventuelles modifications. Les modifications apport\u00e9es \u00e0 cette politique de confidentialit\u00e9 entrent en vigueur lorsqu'elles sont publi\u00e9es sur cette page.<\/p>\n<h1>Nous contacter<\/h1>\n<p>Si vous avez des questions sur cette politique de confidentialit\u00e9, vous pouvez nous contacter :<\/p>\n<ul>\n<li>En visitant cette page sur notre site web : <a href=\"https:\/\/theliteraryarts.com\/fr\/contact\/\" rel=\"external nofollow noopener noreferrer\" target=\"_blank\">https:\/\/theliteraryarts.com\/contact<\/a><\/li>\n<\/ul>","protected":false},"excerpt":{"rendered":"<p>Privacy Policy Last updated: October 29, 2020 This Privacy Policy describes Our policies and procedures on the collection, use and disclosure of Your information when You use the Service and tells You about Your privacy rights and how the law protects You. We use Your Personal data to provide and improve the Service. By using [&hellip;]<\/p>\n","protected":false},"author":1,"featured_media":0,"parent":0,"menu_order":0,"comment_status":"closed","ping_status":"open","template":"","meta":{"_et_pb_use_builder":"","_et_pb_old_content":"","_et_gb_content_width":"","footnotes":""},"class_list":["post-3","page","type-page","status-publish","hentry"],"_links":{"self":[{"href":"https:\/\/theliteraryarts.com\/fr\/wp-json\/wp\/v2\/pages\/3","targetHints":{"allow":["GET"]}}],"collection":[{"href":"https:\/\/theliteraryarts.com\/fr\/wp-json\/wp\/v2\/pages"}],"about":[{"href":"https:\/\/theliteraryarts.com\/fr\/wp-json\/wp\/v2\/types\/page"}],"author":[{"embeddable":true,"href":"https:\/\/theliteraryarts.com\/fr\/wp-json\/wp\/v2\/users\/1"}],"replies":[{"embeddable":true,"href":"https:\/\/theliteraryarts.com\/fr\/wp-json\/wp\/v2\/comments?post=3"}],"version-history":[{"count":0,"href":"https:\/\/theliteraryarts.com\/fr\/wp-json\/wp\/v2\/pages\/3\/revisions"}],"wp:attachment":[{"href":"https:\/\/theliteraryarts.com\/fr\/wp-json\/wp\/v2\/media?parent=3"}],"curies":[{"name":"wp","href":"https:\/\/api.w.org\/{rel}","templated":true}]}}